{"id":8956,"date":"2025-12-10T07:41:42","date_gmt":"2025-12-10T06:41:42","guid":{"rendered":"https:\/\/delacuesta.es\/contact\/"},"modified":"2026-03-19T14:19:19","modified_gmt":"2026-03-19T13:19:19","slug":"contact","status":"publish","type":"page","link":"https:\/\/delacuesta.es\/en\/contact\/","title":{"rendered":"Contact"},"content":{"rendered":"","protected":false},"excerpt":{"rendered":"","protected":false},"author":1,"featured_media":0,"parent":0,"menu_order":0,"comment_status":"closed","ping_status":"closed","template":"","meta":{"footnotes":""},"class_list":["post-8956","page","type-page","status-publish","hentry"],"yoast_head":"<!-- This site is optimized with the Yoast SEO plugin v26.5 - https:\/\/yoast.com\/wordpress\/plugins\/seo\/ -->\n<title>Inmobiliaria de la Cuesta | Contact<\/title>\n<meta name=\"description\" content=\"Contact Delacuesta. We help you find the perfect property on the Costa del Sol. Personalized service and quick response.\" \/>\n<meta name=\"robots\" content=\"index, follow, max-snippet:-1, max-image-preview:large, max-video-preview:-1\" \/>\n<link rel=\"canonical\" href=\"https:\/\/delacuesta.es\/en\/contact\/\" \/>\n<meta property=\"og:locale\" content=\"en_US\" \/>\n<meta property=\"og:type\" content=\"article\" \/>\n<meta property=\"og:title\" content=\"Inmobiliaria de la Cuesta | Contact\" \/>\n<meta property=\"og:description\" content=\"Contact Delacuesta. We help you find the perfect property on the Costa del Sol. Personalized service and quick response.\" \/>\n<meta property=\"og:url\" content=\"https:\/\/delacuesta.es\/en\/contact\/\" \/>\n<meta property=\"og:site_name\" content=\"Inmobiliaria Cuesta\" \/>\n<meta property=\"article:modified_time\" content=\"2026-03-19T13:19:19+00:00\" \/>\n<meta property=\"og:image\" content=\"https:\/\/delacuesta.es\/wp-content\/uploads\/2025\/12\/imobiliaria-cuesta.webp\" \/>\n\t<meta property=\"og:image:width\" content=\"1826\" \/>\n\t<meta property=\"og:image:height\" content=\"1025\" \/>\n\t<meta property=\"og:image:type\" content=\"image\/webp\" \/>\n<meta name=\"twitter:card\" content=\"summary_large_image\" \/>\n<script type=\"application\/ld+json\" class=\"yoast-schema-graph\">{\"@context\":\"https:\/\/schema.org\",\"@graph\":[{\"@type\":\"WebPage\",\"@id\":\"https:\/\/delacuesta.es\/en\/contact\/\",\"url\":\"https:\/\/delacuesta.es\/en\/contact\/\",\"name\":\"Inmobiliaria de la Cuesta | Contact\",\"isPartOf\":{\"@id\":\"https:\/\/delacuesta.es\/en\/#website\"},\"datePublished\":\"2025-12-10T06:41:42+00:00\",\"dateModified\":\"2026-03-19T13:19:19+00:00\",\"description\":\"Contact Delacuesta. We help you find the perfect property on the Costa del Sol. Personalized service and quick response.\",\"breadcrumb\":{\"@id\":\"https:\/\/delacuesta.es\/en\/contact\/#breadcrumb\"},\"inLanguage\":\"en-US\",\"potentialAction\":[{\"@type\":\"ReadAction\",\"target\":[\"https:\/\/delacuesta.es\/en\/contact\/\"]}]},{\"@type\":\"BreadcrumbList\",\"@id\":\"https:\/\/delacuesta.es\/en\/contact\/#breadcrumb\",\"itemListElement\":[{\"@type\":\"ListItem\",\"position\":1,\"name\":\"Portada\",\"item\":\"https:\/\/delacuesta.es\/en\/\"},{\"@type\":\"ListItem\",\"position\":2,\"name\":\"Contact\"}]},{\"@type\":\"WebSite\",\"@id\":\"https:\/\/delacuesta.es\/en\/#website\",\"url\":\"https:\/\/delacuesta.es\/en\/\",\"name\":\"Inmobiliaria Cuesta\",\"description\":\"\u00a0Mas de 50 a\u00f1os ayudando a compradores y vendedores a encontrar la propiedad perfecta en La Herradura, Almu\u00f1ecar y alrededores. Hablamos tu idioma y te acompa\u00f1amos en cada paso del proceso.\",\"publisher\":{\"@id\":\"https:\/\/delacuesta.es\/en\/#organization\"},\"potentialAction\":[{\"@type\":\"SearchAction\",\"target\":{\"@type\":\"EntryPoint\",\"urlTemplate\":\"https:\/\/delacuesta.es\/en\/?s={search_term_string}\"},\"query-input\":{\"@type\":\"PropertyValueSpecification\",\"valueRequired\":true,\"valueName\":\"search_term_string\"}}],\"inLanguage\":\"en-US\"},{\"@type\":\"Organization\",\"@id\":\"https:\/\/delacuesta.es\/en\/#organization\",\"name\":\"Inmobiliaria Cuesta\",\"url\":\"https:\/\/delacuesta.es\/en\/\",\"logo\":{\"@type\":\"ImageObject\",\"inLanguage\":\"en-US\",\"@id\":\"https:\/\/delacuesta.es\/en\/#\/schema\/logo\/image\/\",\"url\":\"https:\/\/delacuesta.es\/wp-content\/uploads\/2025\/12\/logo-inmobiliaria-cuesta.webp\",\"contentUrl\":\"https:\/\/delacuesta.es\/wp-content\/uploads\/2025\/12\/logo-inmobiliaria-cuesta.webp\",\"width\":263,\"height\":72,\"caption\":\"Inmobiliaria Cuesta\"},\"image\":{\"@id\":\"https:\/\/delacuesta.es\/en\/#\/schema\/logo\/image\/\"}}]}<\/script>\n<!-- \/ Yoast SEO plugin. -->","yoast_head_json":{"title":"Inmobiliaria de la Cuesta | Contact","description":"Contact Delacuesta. We help you find the perfect property on the Costa del Sol. Personalized service and quick response.","robots":{"index":"index","follow":"follow","max-snippet":"max-snippet:-1","max-image-preview":"max-image-preview:large","max-video-preview":"max-video-preview:-1"},"canonical":"https:\/\/delacuesta.es\/en\/contact\/","og_locale":"en_US","og_type":"article","og_title":"Inmobiliaria de la Cuesta | Contact","og_description":"Contact Delacuesta. We help you find the perfect property on the Costa del Sol. Personalized service and quick response.","og_url":"https:\/\/delacuesta.es\/en\/contact\/","og_site_name":"Inmobiliaria Cuesta","article_modified_time":"2026-03-19T13:19:19+00:00","og_image":[{"width":1826,"height":1025,"url":"https:\/\/delacuesta.es\/wp-content\/uploads\/2025\/12\/imobiliaria-cuesta.webp","type":"image\/webp"}],"twitter_card":"summary_large_image","schema":{"@context":"https:\/\/schema.org","@graph":[{"@type":"WebPage","@id":"https:\/\/delacuesta.es\/en\/contact\/","url":"https:\/\/delacuesta.es\/en\/contact\/","name":"Inmobiliaria de la Cuesta | Contact","isPartOf":{"@id":"https:\/\/delacuesta.es\/en\/#website"},"datePublished":"2025-12-10T06:41:42+00:00","dateModified":"2026-03-19T13:19:19+00:00","description":"Contact Delacuesta. We help you find the perfect property on the Costa del Sol. Personalized service and quick response.","breadcrumb":{"@id":"https:\/\/delacuesta.es\/en\/contact\/#breadcrumb"},"inLanguage":"en-US","potentialAction":[{"@type":"ReadAction","target":["https:\/\/delacuesta.es\/en\/contact\/"]}]},{"@type":"BreadcrumbList","@id":"https:\/\/delacuesta.es\/en\/contact\/#breadcrumb","itemListElement":[{"@type":"ListItem","position":1,"name":"Portada","item":"https:\/\/delacuesta.es\/en\/"},{"@type":"ListItem","position":2,"name":"Contact"}]},{"@type":"WebSite","@id":"https:\/\/delacuesta.es\/en\/#website","url":"https:\/\/delacuesta.es\/en\/","name":"Inmobiliaria Cuesta","description":"\u00a0Mas de 50 a\u00f1os ayudando a compradores y vendedores a encontrar la propiedad perfecta en La Herradura, Almu\u00f1ecar y alrededores. Hablamos tu idioma y te acompa\u00f1amos en cada paso del proceso.","publisher":{"@id":"https:\/\/delacuesta.es\/en\/#organization"},"potentialAction":[{"@type":"SearchAction","target":{"@type":"EntryPoint","urlTemplate":"https:\/\/delacuesta.es\/en\/?s={search_term_string}"},"query-input":{"@type":"PropertyValueSpecification","valueRequired":true,"valueName":"search_term_string"}}],"inLanguage":"en-US"},{"@type":"Organization","@id":"https:\/\/delacuesta.es\/en\/#organization","name":"Inmobiliaria Cuesta","url":"https:\/\/delacuesta.es\/en\/","logo":{"@type":"ImageObject","inLanguage":"en-US","@id":"https:\/\/delacuesta.es\/en\/#\/schema\/logo\/image\/","url":"https:\/\/delacuesta.es\/wp-content\/uploads\/2025\/12\/logo-inmobiliaria-cuesta.webp","contentUrl":"https:\/\/delacuesta.es\/wp-content\/uploads\/2025\/12\/logo-inmobiliaria-cuesta.webp","width":263,"height":72,"caption":"Inmobiliaria Cuesta"},"image":{"@id":"https:\/\/delacuesta.es\/en\/#\/schema\/logo\/image\/"}}]}},"_links":{"self":[{"href":"https:\/\/delacuesta.es\/en\/wp-json\/wp\/v2\/pages\/8956","targetHints":{"allow":["GET"]}}],"collection":[{"href":"https:\/\/delacuesta.es\/en\/wp-json\/wp\/v2\/pages"}],"about":[{"href":"https:\/\/delacuesta.es\/en\/wp-json\/wp\/v2\/types\/page"}],"author":[{"embeddable":true,"href":"https:\/\/delacuesta.es\/en\/wp-json\/wp\/v2\/users\/1"}],"replies":[{"embeddable":true,"href":"https:\/\/delacuesta.es\/en\/wp-json\/wp\/v2\/comments?post=8956"}],"version-history":[{"count":1,"href":"https:\/\/delacuesta.es\/en\/wp-json\/wp\/v2\/pages\/8956\/revisions"}],"predecessor-version":[{"id":8957,"href":"https:\/\/delacuesta.es\/en\/wp-json\/wp\/v2\/pages\/8956\/revisions\/8957"}],"wp:attachment":[{"href":"https:\/\/delacuesta.es\/en\/wp-json\/wp\/v2\/media?parent=8956"}],"curies":[{"name":"wp","href":"https:\/\/api.w.org\/{rel}","templated":true}]}}