{"id":8953,"date":"2025-12-26T11:31:16","date_gmt":"2025-12-26T10:31:16","guid":{"rendered":"https:\/\/delacuesta.es\/real-estate-services\/"},"modified":"2026-03-26T08:58:05","modified_gmt":"2026-03-26T07:58:05","slug":"real-estate-services","status":"publish","type":"page","link":"https:\/\/delacuesta.es\/en\/real-estate-services\/","title":{"rendered":"Real Estate Services"},"content":{"rendered":"\t\t<div data-elementor-type=\"wp-page\" data-elementor-id=\"8953\" class=\"elementor elementor-8953 elementor-7995\" data-elementor-post-type=\"page\">\n\t\t\t\t<div class=\"elementor-element elementor-element-0ef31be e-grid e-con-boxed e-con e-parent\" data-id=\"0ef31be\" data-element_type=\"container\" data-e-type=\"container\">\n\t\t\t\t\t<div class=\"e-con-inner\">\n\t\t<div class=\"elementor-element elementor-element-6e496f6 e-con-full e-flex e-con e-child\" data-id=\"6e496f6\" data-element_type=\"container\" data-e-type=\"container\" data-settings=\"{&quot;background_background&quot;:&quot;classic&quot;}\">\n\t\t<div class=\"elementor-element elementor-element-6b89b60 e-con-full e-flex e-con e-child\" data-id=\"6b89b60\" data-element_type=\"container\" data-e-type=\"container\">\n\t\t\t\t<div class=\"elementor-element elementor-element-0531387 elementor-widget elementor-widget-heading\" data-id=\"0531387\" data-element_type=\"widget\" data-e-type=\"widget\" data-widget_type=\"heading.default\">\n\t\t\t\t\t<h2 class=\"elementor-heading-title elementor-size-default\">Legal and tax advice<\/h2>\t\t\t\t<\/div>\n\t\t\t\t<div class=\"elementor-element elementor-element-95aca7f elementor-widget__width-initial elementor-widget elementor-widget-text-editor\" data-id=\"95aca7f\" data-element_type=\"widget\" data-e-type=\"widget\" data-widget_type=\"text-editor.default\">\n\t\t\t\t\t\t\t\t\t<p>We take care of all legal and tax procedures: notary, property registry, taxes, and administrative processes.<br>Complete peace of mind and zero stress for you.<\/p>\t\t\t\t\t\t\t\t<\/div>\n\t\t\t\t<\/div>\n\t\t\t\t<\/div>\n\t\t<div class=\"elementor-element elementor-element-e48c66c e-con-full e-flex e-con e-child\" data-id=\"e48c66c\" data-element_type=\"container\" data-e-type=\"container\" data-settings=\"{&quot;background_background&quot;:&quot;classic&quot;}\">\n\t\t<div class=\"elementor-element elementor-element-5d1faf9 e-con-full e-flex e-con e-child\" data-id=\"5d1faf9\" data-element_type=\"container\" data-e-type=\"container\">\n\t\t\t\t<div class=\"elementor-element elementor-element-fa09702 elementor-widget elementor-widget-heading\" data-id=\"fa09702\" data-element_type=\"widget\" data-e-type=\"widget\" data-widget_type=\"heading.default\">\n\t\t\t\t\t<h2 class=\"elementor-heading-title elementor-size-default\">Property buying and selling<\/h2>\t\t\t\t<\/div>\n\t\t\t\t<div class=\"elementor-element elementor-element-9f750d0 elementor-widget__width-initial elementor-widget elementor-widget-text-editor\" data-id=\"9f750d0\" data-element_type=\"widget\" data-e-type=\"widget\" data-widget_type=\"text-editor.default\">\n\t\t\t\t\t\t\t\t\t<p>We help you find your ideal home or sell your property with the highest guarantees.<br>We support you personally throughout the entire process, from the first viewing to signing before a notary.<\/p>\t\t\t\t\t\t\t\t<\/div>\n\t\t\t\t<\/div>\n\t\t\t\t<\/div>\n\t\t<div class=\"elementor-element elementor-element-7ab7ac3 e-con-full e-flex e-con e-child\" data-id=\"7ab7ac3\" data-element_type=\"container\" data-e-type=\"container\" data-settings=\"{&quot;background_background&quot;:&quot;classic&quot;}\">\n\t\t<div class=\"elementor-element elementor-element-c1b9375 e-con-full e-flex e-con e-child\" data-id=\"c1b9375\" data-element_type=\"container\" data-e-type=\"container\">\n\t\t\t\t<div class=\"elementor-element elementor-element-3acb61b elementor-widget elementor-widget-heading\" data-id=\"3acb61b\" data-element_type=\"widget\" data-e-type=\"widget\" data-widget_type=\"heading.default\">\n\t\t\t\t\t<h2 class=\"elementor-heading-title elementor-size-default\">Property rentals<\/h2>\t\t\t\t<\/div>\n\t\t\t\t<div class=\"elementor-element elementor-element-57497c2 elementor-widget__width-initial elementor-widget elementor-widget-text-editor\" data-id=\"57497c2\" data-element_type=\"widget\" data-e-type=\"widget\" data-widget_type=\"text-editor.default\">\n\t\t\t\t\t\t\t\t\t<p>We manage your rental from start to finish: tenant selection, contract preparation, and ongoing support.<br>You only need to focus on enjoying the returns from your property.<\/p>\t\t\t\t\t\t\t\t<\/div>\n\t\t\t\t<\/div>\n\t\t\t\t<\/div>\n\t\t\t\t\t<\/div>\n\t\t\t\t<\/div>\n\t\t<div class=\"elementor-element elementor-element-9b72a76 e-flex e-con-boxed e-con e-parent\" data-id=\"9b72a76\" data-element_type=\"container\" data-e-type=\"container\">\n\t\t\t\t\t<div class=\"e-con-inner\">\n\t\t<div class=\"elementor-element elementor-element-358e858 e-con-full e-flex e-con e-child\" data-id=\"358e858\" data-element_type=\"container\" data-e-type=\"container\">\n\t\t\t\t<div class=\"elementor-element elementor-element-fbb0a0e elementor-widget elementor-widget-heading\" data-id=\"fbb0a0e\" data-element_type=\"widget\" data-e-type=\"widget\" data-widget_type=\"heading.default\">\n\t\t\t\t\t<h2 class=\"elementor-heading-title elementor-size-default\">Administrative procedures and technical services<\/h2>\t\t\t\t<\/div>\n\t\t\t\t<div class=\"elementor-element elementor-element-78b3d0a elementor-widget__width-initial elementor-widget elementor-widget-text-editor\" data-id=\"78b3d0a\" data-element_type=\"widget\" data-e-type=\"widget\" data-widget_type=\"text-editor.default\">\n\t\t\t\t\t\t\t\t\t<p>We handle energy certificates, utility registrations and transfers, home insurance, and other necessary technical services.<br>Everything you need, all in one place.<\/p>\t\t\t\t\t\t\t\t<\/div>\n\t\t\t\t<div class=\"elementor-element elementor-element-7807f5d elementor-widget elementor-widget-heading\" data-id=\"7807f5d\" data-element_type=\"widget\" data-e-type=\"widget\" data-widget_type=\"heading.default\">\n\t\t\t\t\t<h2 class=\"elementor-heading-title elementor-size-default\">Renovations and maintenance<\/h2>\t\t\t\t<\/div>\n\t\t\t\t<div class=\"elementor-element elementor-element-2d1a9d7 elementor-widget__width-initial elementor-widget elementor-widget-text-editor\" data-id=\"2d1a9d7\" data-element_type=\"widget\" data-e-type=\"widget\" data-widget_type=\"text-editor.default\">\n\t\t\t\t\t\t\t\t\t<p>We collaborate with trusted professionals for renovations, maintenance, and improvements, ensuring your property is always in perfect condition.<\/p>\t\t\t\t\t\t\t\t<\/div>\n\t\t\t\t<\/div>\n\t\t<div class=\"elementor-element elementor-element-2fff675 e-con-full e-flex e-con e-child\" data-id=\"2fff675\" data-element_type=\"container\" data-e-type=\"container\">\n\t\t\t\t<div class=\"elementor-element elementor-element-7ad4def elementor-widget elementor-widget-image\" data-id=\"7ad4def\" data-element_type=\"widget\" data-e-type=\"widget\" data-widget_type=\"image.default\">\n\t\t\t\t\t\t\t\t\t\t\t\t\t\t\t<img fetchpriority=\"high\" decoding=\"async\" width=\"2000\" height=\"1125\" src=\"https:\/\/delacuesta.es\/wp-content\/uploads\/2025\/12\/playa-la-herradura.webp\" class=\"attachment-full size-full wp-image-8952\" alt=\"playa la herradura\" srcset=\"https:\/\/delacuesta.es\/wp-content\/uploads\/2025\/12\/playa-la-herradura.webp 2000w, https:\/\/delacuesta.es\/wp-content\/uploads\/2025\/12\/playa-la-herradura-300x169.webp 300w, https:\/\/delacuesta.es\/wp-content\/uploads\/2025\/12\/playa-la-herradura-1024x576.webp 1024w, https:\/\/delacuesta.es\/wp-content\/uploads\/2025\/12\/playa-la-herradura-768x432.webp 768w, https:\/\/delacuesta.es\/wp-content\/uploads\/2025\/12\/playa-la-herradura-1536x864.webp 1536w, https:\/\/delacuesta.es\/wp-content\/uploads\/2025\/12\/playa-la-herradura-150x84.webp 150w, https:\/\/delacuesta.es\/wp-content\/uploads\/2025\/12\/playa-la-herradura-600x338.webp 600w\" sizes=\"(max-width: 2000px) 100vw, 2000px\" \/>\t\t\t\t\t\t\t\t\t\t\t\t\t\t\t<\/div>\n\t\t\t\t<\/div>\n\t\t\t\t\t<\/div>\n\t\t\t\t<\/div>\n\t\t<div class=\"elementor-element elementor-element-1b58ee9 e-con-full e-flex e-con e-parent\" data-id=\"1b58ee9\" data-element_type=\"container\" data-e-type=\"container\">\n\t\t\t\t<div class=\"elementor-element elementor-element-01bc846 elementor-widget__width-initial elementor-widget-tablet__width-initial elementor-widget elementor-widget-image\" data-id=\"01bc846\" data-element_type=\"widget\" data-e-type=\"widget\" data-widget_type=\"image.default\">\n\t\t\t\t\t\t\t\t\t\t\t\t\t\t\t<img decoding=\"async\" width=\"2000\" height=\"1125\" src=\"https:\/\/delacuesta.es\/wp-content\/uploads\/2025\/12\/PLAYA-2-1.webp\" class=\"attachment-full size-full wp-image-8803\" alt=\"BEACH 2 (1)\" srcset=\"https:\/\/delacuesta.es\/wp-content\/uploads\/2025\/12\/PLAYA-2-1.webp 2000w, https:\/\/delacuesta.es\/wp-content\/uploads\/2025\/12\/PLAYA-2-1-600x338.webp 600w, https:\/\/delacuesta.es\/wp-content\/uploads\/2025\/12\/PLAYA-2-1-300x169.webp 300w, https:\/\/delacuesta.es\/wp-content\/uploads\/2025\/12\/PLAYA-2-1-1024x576.webp 1024w, https:\/\/delacuesta.es\/wp-content\/uploads\/2025\/12\/PLAYA-2-1-768x432.webp 768w, https:\/\/delacuesta.es\/wp-content\/uploads\/2025\/12\/PLAYA-2-1-1536x864.webp 1536w, https:\/\/delacuesta.es\/wp-content\/uploads\/2025\/12\/PLAYA-2-1-150x84.webp 150w\" sizes=\"(max-width: 2000px) 100vw, 2000px\" \/>\t\t\t\t\t\t\t\t\t\t\t\t\t\t\t<\/div>\n\t\t<div class=\"elementor-element elementor-element-aa70915 e-con-full e-flex e-con e-child\" data-id=\"aa70915\" data-element_type=\"container\" data-e-type=\"container\">\n\t\t\t\t<div class=\"elementor-element elementor-element-2b3f4b0 elementor-widget elementor-widget-heading\" data-id=\"2b3f4b0\" data-element_type=\"widget\" data-e-type=\"widget\" data-widget_type=\"heading.default\">\n\t\t\t\t\t<h2 class=\"elementor-heading-title elementor-size-default\">Special Services for International Clients<\/h2>\t\t\t\t<\/div>\n\t\t\t\t<div class=\"elementor-element elementor-element-c546274 elementor-widget__width-initial elementor-widget elementor-widget-text-editor\" data-id=\"c546274\" data-element_type=\"widget\" data-e-type=\"widget\" data-widget_type=\"text-editor.default\">\n\t\t\t\t\t\t\t\t\t<p>More and more international clients trust us. That\u2019s why we offer a comprehensive service tailored to those who want to buy, invest, or live in Spain with complete peace of mind: <\/p>\t\t\t\t\t\t\t\t<\/div>\n\t\t\t\t<div class=\"elementor-element elementor-element-dd7d979 elementor-widget elementor-widget-heading\" data-id=\"dd7d979\" data-element_type=\"widget\" data-e-type=\"widget\" data-widget_type=\"heading.default\">\n\t\t\t\t\t<h3 class=\"elementor-heading-title elementor-size-default\">Personalized, multilingual support<\/h3>\t\t\t\t<\/div>\n\t\t\t\t<div class=\"elementor-element elementor-element-312d0d4 elementor-widget__width-initial elementor-widget elementor-widget-text-editor\" data-id=\"312d0d4\" data-element_type=\"widget\" data-e-type=\"widget\" data-widget_type=\"text-editor.default\">\n\t\t\t\t\t\t\t\t\t<p>We communicate with you in your language and explain each stage of the process clearly and transparently.<\/p>\t\t\t\t\t\t\t\t<\/div>\n\t\t\t\t<\/div>\n\t\t\t\t<\/div>\n\t\t<div class=\"elementor-element elementor-element-1a1a820 e-grid e-con-boxed e-con e-parent\" data-id=\"1a1a820\" data-element_type=\"container\" data-e-type=\"container\">\n\t\t\t\t\t<div class=\"e-con-inner\">\n\t\t<div class=\"elementor-element elementor-element-c1492c9 e-con-full e-flex e-con e-child\" data-id=\"c1492c9\" data-element_type=\"container\" data-e-type=\"container\" data-settings=\"{&quot;background_background&quot;:&quot;classic&quot;}\">\n\t\t<div class=\"elementor-element elementor-element-84bacd4 e-con-full e-flex e-con e-child\" data-id=\"84bacd4\" data-element_type=\"container\" data-e-type=\"container\">\n\t\t\t\t<div class=\"elementor-element elementor-element-03a1229 elementor-widget elementor-widget-heading\" data-id=\"03a1229\" data-element_type=\"widget\" data-e-type=\"widget\" data-widget_type=\"heading.default\">\n\t\t\t\t\t<h2 class=\"elementor-heading-title elementor-size-default\">Obtaining an NIE and opening a bank account<\/h2>\t\t\t\t<\/div>\n\t\t\t\t<div class=\"elementor-element elementor-element-cd67f8e elementor-widget__width-initial elementor-widget elementor-widget-text-editor\" data-id=\"cd67f8e\" data-element_type=\"widget\" data-e-type=\"widget\" data-widget_type=\"text-editor.default\">\n\t\t\t\t\t\t\t\t\t<p>We handle the essential procedures so you can purchase a property in Spain without complications.<\/p>\t\t\t\t\t\t\t\t<\/div>\n\t\t\t\t<\/div>\n\t\t\t\t<\/div>\n\t\t<div class=\"elementor-element elementor-element-c9c8eb0 e-con-full e-flex e-con e-child\" data-id=\"c9c8eb0\" data-element_type=\"container\" data-e-type=\"container\" data-settings=\"{&quot;background_background&quot;:&quot;classic&quot;}\">\n\t\t<div class=\"elementor-element elementor-element-0d65643 e-con-full e-flex e-con e-child\" data-id=\"0d65643\" data-element_type=\"container\" data-e-type=\"container\">\n\t\t\t\t<div class=\"elementor-element elementor-element-9dd7daa elementor-widget elementor-widget-heading\" data-id=\"9dd7daa\" data-element_type=\"widget\" data-e-type=\"widget\" data-widget_type=\"heading.default\">\n\t\t\t\t\t<h2 class=\"elementor-heading-title elementor-size-default\">Clear and reviewed contracts and documentation<\/h2>\t\t\t\t<\/div>\n\t\t\t\t<div class=\"elementor-element elementor-element-1198302 elementor-widget__width-initial elementor-widget elementor-widget-text-editor\" data-id=\"1198302\" data-element_type=\"widget\" data-e-type=\"widget\" data-widget_type=\"text-editor.default\">\n\t\t\t\t\t\t\t\t\t<p>We review and explain all documentation so you can sign with complete confidence and peace of mind.<\/p>\t\t\t\t\t\t\t\t<\/div>\n\t\t\t\t<\/div>\n\t\t\t\t<\/div>\n\t\t<div class=\"elementor-element elementor-element-deba7c3 e-con-full e-flex e-con e-child\" data-id=\"deba7c3\" data-element_type=\"container\" data-e-type=\"container\" data-settings=\"{&quot;background_background&quot;:&quot;classic&quot;}\">\n\t\t<div class=\"elementor-element elementor-element-b8a0512 e-con-full e-flex e-con e-child\" data-id=\"b8a0512\" data-element_type=\"container\" data-e-type=\"container\">\n\t\t\t\t<div class=\"elementor-element elementor-element-563e154 elementor-widget elementor-widget-heading\" data-id=\"563e154\" data-element_type=\"widget\" data-e-type=\"widget\" data-widget_type=\"heading.default\">\n\t\t\t\t\t<h2 class=\"elementor-heading-title elementor-size-default\">Virtual viewings and remote management<\/h2>\t\t\t\t<\/div>\n\t\t\t\t<div class=\"elementor-element elementor-element-5ffbd7c elementor-widget__width-initial elementor-widget elementor-widget-text-editor\" data-id=\"5ffbd7c\" data-element_type=\"widget\" data-e-type=\"widget\" data-widget_type=\"text-editor.default\">\n\t\t\t\t\t\t\t\t\t<p>We provide virtual viewings and move the entire process forward without the need for you to travel.<\/p>\t\t\t\t\t\t\t\t<\/div>\n\t\t\t\t<\/div>\n\t\t\t\t<\/div>\n\t\t\t\t\t<\/div>\n\t\t\t\t<\/div>\n\t\t\t\t<\/div>\n\t\t","protected":false},"excerpt":{"rendered":"<p>Legal and tax advice We take care of all legal and tax procedures: notary, property registry, taxes, and administrative processes.Complete peace of mind and zero stress for you. Property buying and selling We help you find your ideal home or sell your property with the highest guarantees.We support you personally throughout the entire process, from&#8230;<\/p>\n","protected":false},"author":1,"featured_media":0,"parent":0,"menu_order":0,"comment_status":"closed","ping_status":"closed","template":"","meta":{"footnotes":""},"class_list":["post-8953","page","type-page","status-publish","hentry"],"yoast_head":"<!-- This site is optimized with the Yoast SEO plugin v26.5 - https:\/\/yoast.com\/wordpress\/plugins\/seo\/ -->\n<title>Inmobiliaria de la Cuesta | The Company<\/title>\n<meta name=\"description\" content=\"Inmobiliaria De la Cuesta was established in 1974, becoming the first real estate agency to open in La Herradura.\" \/>\n<meta name=\"robots\" content=\"index, follow, max-snippet:-1, max-image-preview:large, max-video-preview:-1\" \/>\n<link rel=\"canonical\" href=\"https:\/\/delacuesta.es\/en\/real-estate-services\/\" \/>\n<meta property=\"og:locale\" content=\"en_US\" \/>\n<meta property=\"og:type\" content=\"article\" \/>\n<meta property=\"og:title\" content=\"Inmobiliaria de la Cuesta | The Company\" \/>\n<meta property=\"og:description\" content=\"Inmobiliaria De la Cuesta was established in 1974, becoming the first real estate agency to open in La Herradura.\" \/>\n<meta property=\"og:url\" content=\"https:\/\/delacuesta.es\/en\/real-estate-services\/\" \/>\n<meta property=\"og:site_name\" content=\"Inmobiliaria Cuesta\" \/>\n<meta property=\"article:modified_time\" content=\"2026-03-26T07:58:05+00:00\" \/>\n<meta property=\"og:image\" content=\"https:\/\/delacuesta.es\/wp-content\/uploads\/2025\/12\/playa-la-herradura.webp\" \/>\n\t<meta property=\"og:image:width\" content=\"2000\" \/>\n\t<meta property=\"og:image:height\" content=\"1125\" \/>\n\t<meta property=\"og:image:type\" content=\"image\/webp\" \/>\n<meta name=\"twitter:card\" content=\"summary_large_image\" \/>\n<meta name=\"twitter:label1\" content=\"Est. reading time\" \/>\n\t<meta name=\"twitter:data1\" content=\"2 minutes\" \/>\n<script type=\"application\/ld+json\" class=\"yoast-schema-graph\">{\"@context\":\"https:\/\/schema.org\",\"@graph\":[{\"@type\":\"WebPage\",\"@id\":\"https:\/\/delacuesta.es\/en\/real-estate-services\/\",\"url\":\"https:\/\/delacuesta.es\/en\/real-estate-services\/\",\"name\":\"Inmobiliaria de la Cuesta | The Company\",\"isPartOf\":{\"@id\":\"https:\/\/delacuesta.es\/en\/#website\"},\"primaryImageOfPage\":{\"@id\":\"https:\/\/delacuesta.es\/en\/real-estate-services\/#primaryimage\"},\"image\":{\"@id\":\"https:\/\/delacuesta.es\/en\/real-estate-services\/#primaryimage\"},\"thumbnailUrl\":\"https:\/\/delacuesta.es\/wp-content\/uploads\/2025\/12\/playa-la-herradura.webp\",\"datePublished\":\"2025-12-26T10:31:16+00:00\",\"dateModified\":\"2026-03-26T07:58:05+00:00\",\"description\":\"Inmobiliaria De la Cuesta was established in 1974, becoming the first real estate agency to open in La Herradura.\",\"breadcrumb\":{\"@id\":\"https:\/\/delacuesta.es\/en\/real-estate-services\/#breadcrumb\"},\"inLanguage\":\"en-US\",\"potentialAction\":[{\"@type\":\"ReadAction\",\"target\":[\"https:\/\/delacuesta.es\/en\/real-estate-services\/\"]}]},{\"@type\":\"ImageObject\",\"inLanguage\":\"en-US\",\"@id\":\"https:\/\/delacuesta.es\/en\/real-estate-services\/#primaryimage\",\"url\":\"https:\/\/delacuesta.es\/wp-content\/uploads\/2025\/12\/playa-la-herradura.webp\",\"contentUrl\":\"https:\/\/delacuesta.es\/wp-content\/uploads\/2025\/12\/playa-la-herradura.webp\"},{\"@type\":\"BreadcrumbList\",\"@id\":\"https:\/\/delacuesta.es\/en\/real-estate-services\/#breadcrumb\",\"itemListElement\":[{\"@type\":\"ListItem\",\"position\":1,\"name\":\"Portada\",\"item\":\"https:\/\/delacuesta.es\/en\/\"},{\"@type\":\"ListItem\",\"position\":2,\"name\":\"Real Estate Services\"}]},{\"@type\":\"WebSite\",\"@id\":\"https:\/\/delacuesta.es\/en\/#website\",\"url\":\"https:\/\/delacuesta.es\/en\/\",\"name\":\"Inmobiliaria Cuesta\",\"description\":\"\u00a0Mas de 50 a\u00f1os ayudando a compradores y vendedores a encontrar la propiedad perfecta en La Herradura, Almu\u00f1ecar y alrededores. Hablamos tu idioma y te acompa\u00f1amos en cada paso del proceso.\",\"publisher\":{\"@id\":\"https:\/\/delacuesta.es\/en\/#organization\"},\"potentialAction\":[{\"@type\":\"SearchAction\",\"target\":{\"@type\":\"EntryPoint\",\"urlTemplate\":\"https:\/\/delacuesta.es\/en\/?s={search_term_string}\"},\"query-input\":{\"@type\":\"PropertyValueSpecification\",\"valueRequired\":true,\"valueName\":\"search_term_string\"}}],\"inLanguage\":\"en-US\"},{\"@type\":\"Organization\",\"@id\":\"https:\/\/delacuesta.es\/en\/#organization\",\"name\":\"Inmobiliaria Cuesta\",\"url\":\"https:\/\/delacuesta.es\/en\/\",\"logo\":{\"@type\":\"ImageObject\",\"inLanguage\":\"en-US\",\"@id\":\"https:\/\/delacuesta.es\/en\/#\/schema\/logo\/image\/\",\"url\":\"https:\/\/delacuesta.es\/wp-content\/uploads\/2025\/12\/logo-inmobiliaria-cuesta.webp\",\"contentUrl\":\"https:\/\/delacuesta.es\/wp-content\/uploads\/2025\/12\/logo-inmobiliaria-cuesta.webp\",\"width\":263,\"height\":72,\"caption\":\"Inmobiliaria Cuesta\"},\"image\":{\"@id\":\"https:\/\/delacuesta.es\/en\/#\/schema\/logo\/image\/\"}}]}<\/script>\n<!-- \/ Yoast SEO plugin. -->","yoast_head_json":{"title":"Inmobiliaria de la Cuesta | The Company","description":"Inmobiliaria De la Cuesta was established in 1974, becoming the first real estate agency to open in La Herradura.","robots":{"index":"index","follow":"follow","max-snippet":"max-snippet:-1","max-image-preview":"max-image-preview:large","max-video-preview":"max-video-preview:-1"},"canonical":"https:\/\/delacuesta.es\/en\/real-estate-services\/","og_locale":"en_US","og_type":"article","og_title":"Inmobiliaria de la Cuesta | The Company","og_description":"Inmobiliaria De la Cuesta was established in 1974, becoming the first real estate agency to open in La Herradura.","og_url":"https:\/\/delacuesta.es\/en\/real-estate-services\/","og_site_name":"Inmobiliaria Cuesta","article_modified_time":"2026-03-26T07:58:05+00:00","og_image":[{"width":2000,"height":1125,"url":"https:\/\/delacuesta.es\/wp-content\/uploads\/2025\/12\/playa-la-herradura.webp","type":"image\/webp"}],"twitter_card":"summary_large_image","twitter_misc":{"Est. reading time":"2 minutes"},"schema":{"@context":"https:\/\/schema.org","@graph":[{"@type":"WebPage","@id":"https:\/\/delacuesta.es\/en\/real-estate-services\/","url":"https:\/\/delacuesta.es\/en\/real-estate-services\/","name":"Inmobiliaria de la Cuesta | The Company","isPartOf":{"@id":"https:\/\/delacuesta.es\/en\/#website"},"primaryImageOfPage":{"@id":"https:\/\/delacuesta.es\/en\/real-estate-services\/#primaryimage"},"image":{"@id":"https:\/\/delacuesta.es\/en\/real-estate-services\/#primaryimage"},"thumbnailUrl":"https:\/\/delacuesta.es\/wp-content\/uploads\/2025\/12\/playa-la-herradura.webp","datePublished":"2025-12-26T10:31:16+00:00","dateModified":"2026-03-26T07:58:05+00:00","description":"Inmobiliaria De la Cuesta was established in 1974, becoming the first real estate agency to open in La Herradura.","breadcrumb":{"@id":"https:\/\/delacuesta.es\/en\/real-estate-services\/#breadcrumb"},"inLanguage":"en-US","potentialAction":[{"@type":"ReadAction","target":["https:\/\/delacuesta.es\/en\/real-estate-services\/"]}]},{"@type":"ImageObject","inLanguage":"en-US","@id":"https:\/\/delacuesta.es\/en\/real-estate-services\/#primaryimage","url":"https:\/\/delacuesta.es\/wp-content\/uploads\/2025\/12\/playa-la-herradura.webp","contentUrl":"https:\/\/delacuesta.es\/wp-content\/uploads\/2025\/12\/playa-la-herradura.webp"},{"@type":"BreadcrumbList","@id":"https:\/\/delacuesta.es\/en\/real-estate-services\/#breadcrumb","itemListElement":[{"@type":"ListItem","position":1,"name":"Portada","item":"https:\/\/delacuesta.es\/en\/"},{"@type":"ListItem","position":2,"name":"Real Estate Services"}]},{"@type":"WebSite","@id":"https:\/\/delacuesta.es\/en\/#website","url":"https:\/\/delacuesta.es\/en\/","name":"Inmobiliaria Cuesta","description":"\u00a0Mas de 50 a\u00f1os ayudando a compradores y vendedores a encontrar la propiedad perfecta en La Herradura, Almu\u00f1ecar y alrededores. Hablamos tu idioma y te acompa\u00f1amos en cada paso del proceso.","publisher":{"@id":"https:\/\/delacuesta.es\/en\/#organization"},"potentialAction":[{"@type":"SearchAction","target":{"@type":"EntryPoint","urlTemplate":"https:\/\/delacuesta.es\/en\/?s={search_term_string}"},"query-input":{"@type":"PropertyValueSpecification","valueRequired":true,"valueName":"search_term_string"}}],"inLanguage":"en-US"},{"@type":"Organization","@id":"https:\/\/delacuesta.es\/en\/#organization","name":"Inmobiliaria Cuesta","url":"https:\/\/delacuesta.es\/en\/","logo":{"@type":"ImageObject","inLanguage":"en-US","@id":"https:\/\/delacuesta.es\/en\/#\/schema\/logo\/image\/","url":"https:\/\/delacuesta.es\/wp-content\/uploads\/2025\/12\/logo-inmobiliaria-cuesta.webp","contentUrl":"https:\/\/delacuesta.es\/wp-content\/uploads\/2025\/12\/logo-inmobiliaria-cuesta.webp","width":263,"height":72,"caption":"Inmobiliaria Cuesta"},"image":{"@id":"https:\/\/delacuesta.es\/en\/#\/schema\/logo\/image\/"}}]}},"_links":{"self":[{"href":"https:\/\/delacuesta.es\/en\/wp-json\/wp\/v2\/pages\/8953","targetHints":{"allow":["GET"]}}],"collection":[{"href":"https:\/\/delacuesta.es\/en\/wp-json\/wp\/v2\/pages"}],"about":[{"href":"https:\/\/delacuesta.es\/en\/wp-json\/wp\/v2\/types\/page"}],"author":[{"embeddable":true,"href":"https:\/\/delacuesta.es\/en\/wp-json\/wp\/v2\/users\/1"}],"replies":[{"embeddable":true,"href":"https:\/\/delacuesta.es\/en\/wp-json\/wp\/v2\/comments?post=8953"}],"version-history":[{"count":5,"href":"https:\/\/delacuesta.es\/en\/wp-json\/wp\/v2\/pages\/8953\/revisions"}],"predecessor-version":[{"id":9152,"href":"https:\/\/delacuesta.es\/en\/wp-json\/wp\/v2\/pages\/8953\/revisions\/9152"}],"wp:attachment":[{"href":"https:\/\/delacuesta.es\/en\/wp-json\/wp\/v2\/media?parent=8953"}],"curies":[{"name":"wp","href":"https:\/\/api.w.org\/{rel}","templated":true}]}}