{"id":8804,"date":"2025-12-03T15:14:11","date_gmt":"2025-12-03T14:14:11","guid":{"rendered":"https:\/\/delacuesta.es\/our-company\/"},"modified":"2026-03-26T08:22:12","modified_gmt":"2026-03-26T07:22:12","slug":"our-company","status":"publish","type":"page","link":"https:\/\/delacuesta.es\/en\/our-company\/","title":{"rendered":"Our Company"},"content":{"rendered":"\t\t<div data-elementor-type=\"wp-page\" data-elementor-id=\"8804\" class=\"elementor elementor-8804 elementor-7696\" data-elementor-post-type=\"page\">\n\t\t\t\t<div class=\"elementor-element elementor-element-6724b2e e-con-full e-flex e-con e-parent\" data-id=\"6724b2e\" data-element_type=\"container\" data-e-type=\"container\">\n\t\t\t\t<div class=\"elementor-element elementor-element-3794b13 elementor-widget__width-initial elementor-widget-tablet__width-initial elementor-widget elementor-widget-text-editor\" data-id=\"3794b13\" data-element_type=\"widget\" data-e-type=\"widget\" data-widget_type=\"text-editor.default\">\n\t\t\t\t\t\t\t\t\t<p>We are a <strong>pioneering real estate agency in La Herradura<\/strong>, with a solid track record dating back to 1974, marked by decades of experience and in-depth knowledge of the local market. Since our beginnings, we have worked with a clear objective: to provide an honest, professional, and approachable service in which our clients\u2019 <strong>peace of mind and best interests always come first.<\/strong> <\/p>\n<p>As a family-run business deeply rooted in the area, we know La Herradura and its surroundings perfectly. This close connection allows us to offer rigorous guidance in every property transaction, providing added value that can only be gained through many years of consistent work and commitment to our clients. We do not simply sell properties; we support and protect those who place their trust in us during one of the most important decisions of their lives.  <\/p>\n\t\t\t\t\t\t\t\t<\/div>\n\t\t\t\t<div class=\"elementor-element elementor-element-2510142 elementor-widget elementor-widget-image\" data-id=\"2510142\" data-element_type=\"widget\" data-e-type=\"widget\" data-widget_type=\"image.default\">\n\t\t\t\t\t\t\t\t\t\t\t\t\t\t\t<img fetchpriority=\"high\" decoding=\"async\" width=\"1200\" height=\"626\" src=\"https:\/\/delacuesta.es\/wp-content\/uploads\/2025\/12\/delacuesta.webp\" class=\"attachment-full size-full wp-image-8802\" alt=\"delacuesta\" srcset=\"https:\/\/delacuesta.es\/wp-content\/uploads\/2025\/12\/delacuesta.webp 1200w, https:\/\/delacuesta.es\/wp-content\/uploads\/2025\/12\/delacuesta-600x313.webp 600w, https:\/\/delacuesta.es\/wp-content\/uploads\/2025\/12\/delacuesta-300x157.webp 300w, https:\/\/delacuesta.es\/wp-content\/uploads\/2025\/12\/delacuesta-1024x534.webp 1024w, https:\/\/delacuesta.es\/wp-content\/uploads\/2025\/12\/delacuesta-768x401.webp 768w, https:\/\/delacuesta.es\/wp-content\/uploads\/2025\/12\/delacuesta-150x78.webp 150w\" sizes=\"(max-width: 1200px) 100vw, 1200px\" \/>\t\t\t\t\t\t\t\t\t\t\t\t\t\t\t<\/div>\n\t\t\t\t<\/div>\n\t\t<div class=\"elementor-element elementor-element-1b58ee9 e-con-full e-flex e-con e-parent\" data-id=\"1b58ee9\" data-element_type=\"container\" data-e-type=\"container\">\n\t\t\t\t<div class=\"elementor-element elementor-element-01bc846 elementor-widget-tablet__width-initial elementor-widget elementor-widget-image\" data-id=\"01bc846\" data-element_type=\"widget\" data-e-type=\"widget\" data-widget_type=\"image.default\">\n\t\t\t\t\t\t\t\t\t\t\t\t\t\t\t<img decoding=\"async\" width=\"2000\" height=\"1125\" src=\"https:\/\/delacuesta.es\/wp-content\/uploads\/2025\/12\/PLAYA-2-1.webp\" class=\"attachment-full size-full wp-image-8803\" alt=\"BEACH 2 (1)\" srcset=\"https:\/\/delacuesta.es\/wp-content\/uploads\/2025\/12\/PLAYA-2-1.webp 2000w, https:\/\/delacuesta.es\/wp-content\/uploads\/2025\/12\/PLAYA-2-1-600x338.webp 600w, https:\/\/delacuesta.es\/wp-content\/uploads\/2025\/12\/PLAYA-2-1-300x169.webp 300w, https:\/\/delacuesta.es\/wp-content\/uploads\/2025\/12\/PLAYA-2-1-1024x576.webp 1024w, https:\/\/delacuesta.es\/wp-content\/uploads\/2025\/12\/PLAYA-2-1-768x432.webp 768w, https:\/\/delacuesta.es\/wp-content\/uploads\/2025\/12\/PLAYA-2-1-1536x864.webp 1536w, https:\/\/delacuesta.es\/wp-content\/uploads\/2025\/12\/PLAYA-2-1-150x84.webp 150w\" sizes=\"(max-width: 2000px) 100vw, 2000px\" \/>\t\t\t\t\t\t\t\t\t\t\t\t\t\t\t<\/div>\n\t\t\t\t<div class=\"elementor-element elementor-element-c546274 elementor-widget__width-initial elementor-widget-mobile__width-initial elementor-widget-tablet__width-initial elementor-widget elementor-widget-text-editor\" data-id=\"c546274\" data-element_type=\"widget\" data-e-type=\"widget\" data-widget_type=\"text-editor.default\">\n\t\t\t\t\t\t\t\t\t<p>Over the decades, we have been involved in countless property transactions, building relationships based on trust, transparency, and professionalism. Our experience since 1974 has established us as a leading agency for both national and international clients. <\/p>\n<p>We firmly believe in a personalized approach: listening carefully, explaining every step clearly, and offering solutions tailored to each individual need. Because to us, every client is unique, and every transaction deserves the utmost dedication, security, and peace of mind. <\/p>\n\t\t\t\t\t\t\t\t<\/div>\n\t\t\t\t<\/div>\n\t\t<div class=\"elementor-element elementor-element-39ee0a4 e-con-full e-flex e-con e-parent\" data-id=\"39ee0a4\" data-element_type=\"container\" data-e-type=\"container\">\n\t\t\t\t<div class=\"elementor-element elementor-element-def4c6a elementor-widget__width-initial elementor-widget elementor-widget-ere-agents-widget-2\" data-id=\"def4c6a\" data-element_type=\"widget\" data-e-type=\"widget\" data-widget_type=\"ere-agents-widget-2.default\">\n\t\t\t\t<div class=\"elementor-widget-container\">\n\t\t\t\t\t            <div class=\"rhea_wrapper_agents_two\">\n\n                <div class=\"rhea_section__agents_two rhea_col_3\">\n\t\t\t\t\t\n<article class=\"rhea_agent_two\">\n    <div class=\"rhea_agent_two_wrap\">\n\t\t            <div class=\"rhea_agent_two_thumbnail\">\n                <a href=\"https:\/\/delacuesta.es\/agente\/juan-m-de-la-cuesta\/\">\n\t\t\t\t\t<img decoding=\"async\" width=\"210\" height=\"210\" src=\"https:\/\/delacuesta.es\/wp-content\/uploads\/2020\/05\/juan-manuel-210x210.webp\" class=\"attachment-agent-image size-agent-image wp-post-image\" alt=\"juan manuel\" srcset=\"https:\/\/delacuesta.es\/wp-content\/uploads\/2020\/05\/juan-manuel-210x210.webp 210w, https:\/\/delacuesta.es\/wp-content\/uploads\/2020\/05\/juan-manuel-300x300.webp 300w, https:\/\/delacuesta.es\/wp-content\/uploads\/2020\/05\/juan-manuel-100x100.webp 100w, https:\/\/delacuesta.es\/wp-content\/uploads\/2020\/05\/juan-manuel-150x150.webp 150w\" sizes=\"(max-width: 210px) 100vw, 210px\" \/>                <\/a>\n            <\/div>\n\t\t\t        <div class=\"rhea_agent_two_details\">\n\t\t\t                <h3 class=\"rhea_agent_two_title\">\n\t\t\t\t\t<a href=\"https:\/\/delacuesta.es\/agente\/juan-m-de-la-cuesta\/\">Juan M. de la Cuesta<\/a> \n\t\t\t\t\t                <\/h3>\n\t\t\t                <span class=\"rhea_agent_designation\">Manager<\/span>\n\t\t\t\t                <div class=\"rhea_agent_two_meta number office\">\n                    <i class=\"fas fa-phone-alt\"><\/i>&nbsp;\n                    <a href=\"tel:(+34) 958 618 040\">\n\t\t\t\t\t\t(+34) 958 618 040                    <\/a>\n                <\/div>\n\t\t\t\t                <div class=\"rhea_agent_two_meta email\">\n                    <i class=\"fas fa-envelope\"><\/i>&nbsp;\n                    <a href=\"mailto:&#105;&#110;&#102;&#111;&#064;d&#101;&#108;acu&#101;&#115;&#116;a&#046;&#101;&#115;\">\n\t\t\t\t\t\t&#105;nf&#111;&#064;&#100;e&#108;&#097;&#099;ue&#115;ta&#046;es                    <\/a>\n                <\/div>\n\t\t\t\t        <\/div>\n        <!-- ending .rhea_agent_two_details div -->\n    <\/div>\n    <!-- ending .rhea_agent_two_wrap div -->\n<\/article>\n<!-- ending .rhea_agent_two article -->\n<article class=\"rhea_agent_two\">\n    <div class=\"rhea_agent_two_wrap\">\n\t\t            <div class=\"rhea_agent_two_thumbnail\">\n                <a href=\"https:\/\/delacuesta.es\/agente\/lucia-de-la-cuesta\/\">\n\t\t\t\t\t<img loading=\"lazy\" decoding=\"async\" width=\"210\" height=\"210\" src=\"https:\/\/delacuesta.es\/wp-content\/uploads\/2020\/05\/lucia-210x210.webp\" class=\"attachment-agent-image size-agent-image wp-post-image\" alt=\"lucia\" srcset=\"https:\/\/delacuesta.es\/wp-content\/uploads\/2020\/05\/lucia-210x210.webp 210w, https:\/\/delacuesta.es\/wp-content\/uploads\/2020\/05\/lucia-300x300.webp 300w, https:\/\/delacuesta.es\/wp-content\/uploads\/2020\/05\/lucia-100x100.webp 100w, https:\/\/delacuesta.es\/wp-content\/uploads\/2020\/05\/lucia-150x150.webp 150w\" sizes=\"(max-width: 210px) 100vw, 210px\" \/>                <\/a>\n            <\/div>\n\t\t\t        <div class=\"rhea_agent_two_details\">\n\t\t\t                <h3 class=\"rhea_agent_two_title\">\n\t\t\t\t\t<a href=\"https:\/\/delacuesta.es\/agente\/lucia-de-la-cuesta\/\">Luc\u00eda de la Cuesta<\/a> \n\t\t\t\t\t                <\/h3>\n\t\t\t                <span class=\"rhea_agent_designation\">Real Estate Agent<\/span>\n\t\t\t\t                <div class=\"rhea_agent_two_meta number office\">\n                    <i class=\"fas fa-phone-alt\"><\/i>&nbsp;\n                    <a href=\"tel:(+34) 958 618 040\">\n\t\t\t\t\t\t(+34) 958 618 040                    <\/a>\n                <\/div>\n\t\t\t\t                <div class=\"rhea_agent_two_meta email\">\n                    <i class=\"fas fa-envelope\"><\/i>&nbsp;\n                    <a href=\"mailto:&#105;n&#102;o&#064;&#100;e&#108;&#097;&#099;u&#101;st&#097;&#046;&#101;&#115;\">\n\t\t\t\t\t\tinf&#111;&#064;d&#101;&#108;ac&#117;&#101;sta.&#101;&#115;                    <\/a>\n                <\/div>\n\t\t\t\t        <\/div>\n        <!-- ending .rhea_agent_two_details div -->\n    <\/div>\n    <!-- ending .rhea_agent_two_wrap div -->\n<\/article>\n<!-- ending .rhea_agent_two article -->\n<article class=\"rhea_agent_two\">\n    <div class=\"rhea_agent_two_wrap\">\n\t\t            <div class=\"rhea_agent_two_thumbnail\">\n                <a href=\"https:\/\/delacuesta.es\/agente\/nathalie-quinquis\/\">\n\t\t\t\t\t<img loading=\"lazy\" decoding=\"async\" width=\"210\" height=\"210\" src=\"https:\/\/delacuesta.es\/wp-content\/uploads\/2020\/05\/natalie-210x210.webp\" class=\"attachment-agent-image size-agent-image wp-post-image\" alt=\"natalie\" srcset=\"https:\/\/delacuesta.es\/wp-content\/uploads\/2020\/05\/natalie-210x210.webp 210w, https:\/\/delacuesta.es\/wp-content\/uploads\/2020\/05\/natalie-300x300.webp 300w, https:\/\/delacuesta.es\/wp-content\/uploads\/2020\/05\/natalie-100x100.webp 100w, https:\/\/delacuesta.es\/wp-content\/uploads\/2020\/05\/natalie-150x150.webp 150w\" sizes=\"(max-width: 210px) 100vw, 210px\" \/>                <\/a>\n            <\/div>\n\t\t\t        <div class=\"rhea_agent_two_details\">\n\t\t\t                <h3 class=\"rhea_agent_two_title\">\n\t\t\t\t\t<a href=\"https:\/\/delacuesta.es\/agente\/nathalie-quinquis\/\">Nathalie Quinquis<\/a> \n\t\t\t\t\t                <\/h3>\n\t\t\t                <span class=\"rhea_agent_designation\">Real Estate Agent<\/span>\n\t\t\t\t                <div class=\"rhea_agent_two_meta number office\">\n                    <i class=\"fas fa-phone-alt\"><\/i>&nbsp;\n                    <a href=\"tel:(+34) 958 618 040\">\n\t\t\t\t\t\t(+34) 958 618 040                    <\/a>\n                <\/div>\n\t\t\t\t                <div class=\"rhea_agent_two_meta email\">\n                    <i class=\"fas fa-envelope\"><\/i>&nbsp;\n                    <a href=\"mailto:&#105;&#110;&#102;o&#064;&#100;&#101;&#108;&#097;&#099;&#117;e&#115;&#116;&#097;.&#101;s\">\n\t\t\t\t\t\tin&#102;o&#064;&#100;&#101;&#108;&#097;cues&#116;a.&#101;&#115;                    <\/a>\n                <\/div>\n\t\t\t\t        <\/div>\n        <!-- ending .rhea_agent_two_details div -->\n    <\/div>\n    <!-- ending .rhea_agent_two_wrap div -->\n<\/article>\n<!-- ending .rhea_agent_two article -->                <\/div>\n\n            <\/div>\n\t\t\t\t\t\t\t<\/div>\n\t\t\t\t<\/div>\n\t\t\t\t<\/div>\n\t\t\t\t<\/div>\n\t\t","protected":false},"excerpt":{"rendered":"<p>We are a pioneering real estate agency in La Herradura, with a solid track record dating back to 1974, marked by decades of experience and in-depth knowledge of the local market. Since our beginnings, we have worked with a clear objective: to provide an honest, professional, and approachable service in which our clients\u2019 peace of&#8230;<\/p>\n","protected":false},"author":1,"featured_media":0,"parent":0,"menu_order":0,"comment_status":"closed","ping_status":"closed","template":"","meta":{"footnotes":""},"class_list":["post-8804","page","type-page","status-publish","hentry"],"yoast_head":"<!-- This site is optimized with the Yoast SEO plugin v26.5 - https:\/\/yoast.com\/wordpress\/plugins\/seo\/ -->\n<title>Inmobiliaria de la Cuesta | The Company<\/title>\n<meta name=\"description\" content=\"Inmobiliaria De la Cuesta was established in 1974, becoming the first real estate agency to open in La Herradura.\" \/>\n<meta name=\"robots\" content=\"index, follow, max-snippet:-1, max-image-preview:large, max-video-preview:-1\" \/>\n<link rel=\"canonical\" href=\"https:\/\/delacuesta.es\/en\/our-company\/\" \/>\n<meta property=\"og:locale\" content=\"en_US\" \/>\n<meta property=\"og:type\" content=\"article\" \/>\n<meta property=\"og:title\" content=\"Inmobiliaria de la Cuesta | The Company\" \/>\n<meta property=\"og:description\" content=\"Inmobiliaria De la Cuesta was established in 1974, becoming the first real estate agency to open in La Herradura.\" \/>\n<meta property=\"og:url\" content=\"https:\/\/delacuesta.es\/en\/our-company\/\" \/>\n<meta property=\"og:site_name\" content=\"Inmobiliaria Cuesta\" \/>\n<meta property=\"article:modified_time\" content=\"2026-03-26T07:22:12+00:00\" \/>\n<meta property=\"og:image\" content=\"https:\/\/delacuesta.es\/wp-content\/uploads\/2025\/12\/delacuesta.webp\" \/>\n\t<meta property=\"og:image:width\" content=\"1200\" \/>\n\t<meta property=\"og:image:height\" content=\"626\" \/>\n\t<meta property=\"og:image:type\" content=\"image\/webp\" \/>\n<meta name=\"twitter:card\" content=\"summary_large_image\" \/>\n<meta name=\"twitter:label1\" content=\"Est. reading time\" \/>\n\t<meta name=\"twitter:data1\" content=\"1 minute\" \/>\n<script type=\"application\/ld+json\" class=\"yoast-schema-graph\">{\"@context\":\"https:\/\/schema.org\",\"@graph\":[{\"@type\":\"WebPage\",\"@id\":\"https:\/\/delacuesta.es\/en\/our-company\/\",\"url\":\"https:\/\/delacuesta.es\/en\/our-company\/\",\"name\":\"Inmobiliaria de la Cuesta | The Company\",\"isPartOf\":{\"@id\":\"https:\/\/delacuesta.es\/en\/#website\"},\"primaryImageOfPage\":{\"@id\":\"https:\/\/delacuesta.es\/en\/our-company\/#primaryimage\"},\"image\":{\"@id\":\"https:\/\/delacuesta.es\/en\/our-company\/#primaryimage\"},\"thumbnailUrl\":\"https:\/\/delacuesta.es\/wp-content\/uploads\/2025\/12\/delacuesta.webp\",\"datePublished\":\"2025-12-03T14:14:11+00:00\",\"dateModified\":\"2026-03-26T07:22:12+00:00\",\"description\":\"Inmobiliaria De la Cuesta was established in 1974, becoming the first real estate agency to open in La Herradura.\",\"breadcrumb\":{\"@id\":\"https:\/\/delacuesta.es\/en\/our-company\/#breadcrumb\"},\"inLanguage\":\"en-US\",\"potentialAction\":[{\"@type\":\"ReadAction\",\"target\":[\"https:\/\/delacuesta.es\/en\/our-company\/\"]}]},{\"@type\":\"ImageObject\",\"inLanguage\":\"en-US\",\"@id\":\"https:\/\/delacuesta.es\/en\/our-company\/#primaryimage\",\"url\":\"https:\/\/delacuesta.es\/wp-content\/uploads\/2025\/12\/delacuesta.webp\",\"contentUrl\":\"https:\/\/delacuesta.es\/wp-content\/uploads\/2025\/12\/delacuesta.webp\"},{\"@type\":\"BreadcrumbList\",\"@id\":\"https:\/\/delacuesta.es\/en\/our-company\/#breadcrumb\",\"itemListElement\":[{\"@type\":\"ListItem\",\"position\":1,\"name\":\"Portada\",\"item\":\"https:\/\/delacuesta.es\/en\/\"},{\"@type\":\"ListItem\",\"position\":2,\"name\":\"Our Company\"}]},{\"@type\":\"WebSite\",\"@id\":\"https:\/\/delacuesta.es\/en\/#website\",\"url\":\"https:\/\/delacuesta.es\/en\/\",\"name\":\"Inmobiliaria Cuesta\",\"description\":\"\u00a0Mas de 50 a\u00f1os ayudando a compradores y vendedores a encontrar la propiedad perfecta en La Herradura, Almu\u00f1ecar y alrededores. Hablamos tu idioma y te acompa\u00f1amos en cada paso del proceso.\",\"publisher\":{\"@id\":\"https:\/\/delacuesta.es\/en\/#organization\"},\"potentialAction\":[{\"@type\":\"SearchAction\",\"target\":{\"@type\":\"EntryPoint\",\"urlTemplate\":\"https:\/\/delacuesta.es\/en\/?s={search_term_string}\"},\"query-input\":{\"@type\":\"PropertyValueSpecification\",\"valueRequired\":true,\"valueName\":\"search_term_string\"}}],\"inLanguage\":\"en-US\"},{\"@type\":\"Organization\",\"@id\":\"https:\/\/delacuesta.es\/en\/#organization\",\"name\":\"Inmobiliaria Cuesta\",\"url\":\"https:\/\/delacuesta.es\/en\/\",\"logo\":{\"@type\":\"ImageObject\",\"inLanguage\":\"en-US\",\"@id\":\"https:\/\/delacuesta.es\/en\/#\/schema\/logo\/image\/\",\"url\":\"https:\/\/delacuesta.es\/wp-content\/uploads\/2025\/12\/logo-inmobiliaria-cuesta.webp\",\"contentUrl\":\"https:\/\/delacuesta.es\/wp-content\/uploads\/2025\/12\/logo-inmobiliaria-cuesta.webp\",\"width\":263,\"height\":72,\"caption\":\"Inmobiliaria Cuesta\"},\"image\":{\"@id\":\"https:\/\/delacuesta.es\/en\/#\/schema\/logo\/image\/\"}}]}<\/script>\n<!-- \/ Yoast SEO plugin. -->","yoast_head_json":{"title":"Inmobiliaria de la Cuesta | The Company","description":"Inmobiliaria De la Cuesta was established in 1974, becoming the first real estate agency to open in La Herradura.","robots":{"index":"index","follow":"follow","max-snippet":"max-snippet:-1","max-image-preview":"max-image-preview:large","max-video-preview":"max-video-preview:-1"},"canonical":"https:\/\/delacuesta.es\/en\/our-company\/","og_locale":"en_US","og_type":"article","og_title":"Inmobiliaria de la Cuesta | The Company","og_description":"Inmobiliaria De la Cuesta was established in 1974, becoming the first real estate agency to open in La Herradura.","og_url":"https:\/\/delacuesta.es\/en\/our-company\/","og_site_name":"Inmobiliaria Cuesta","article_modified_time":"2026-03-26T07:22:12+00:00","og_image":[{"width":1200,"height":626,"url":"https:\/\/delacuesta.es\/wp-content\/uploads\/2025\/12\/delacuesta.webp","type":"image\/webp"}],"twitter_card":"summary_large_image","twitter_misc":{"Est. reading time":"1 minute"},"schema":{"@context":"https:\/\/schema.org","@graph":[{"@type":"WebPage","@id":"https:\/\/delacuesta.es\/en\/our-company\/","url":"https:\/\/delacuesta.es\/en\/our-company\/","name":"Inmobiliaria de la Cuesta | The Company","isPartOf":{"@id":"https:\/\/delacuesta.es\/en\/#website"},"primaryImageOfPage":{"@id":"https:\/\/delacuesta.es\/en\/our-company\/#primaryimage"},"image":{"@id":"https:\/\/delacuesta.es\/en\/our-company\/#primaryimage"},"thumbnailUrl":"https:\/\/delacuesta.es\/wp-content\/uploads\/2025\/12\/delacuesta.webp","datePublished":"2025-12-03T14:14:11+00:00","dateModified":"2026-03-26T07:22:12+00:00","description":"Inmobiliaria De la Cuesta was established in 1974, becoming the first real estate agency to open in La Herradura.","breadcrumb":{"@id":"https:\/\/delacuesta.es\/en\/our-company\/#breadcrumb"},"inLanguage":"en-US","potentialAction":[{"@type":"ReadAction","target":["https:\/\/delacuesta.es\/en\/our-company\/"]}]},{"@type":"ImageObject","inLanguage":"en-US","@id":"https:\/\/delacuesta.es\/en\/our-company\/#primaryimage","url":"https:\/\/delacuesta.es\/wp-content\/uploads\/2025\/12\/delacuesta.webp","contentUrl":"https:\/\/delacuesta.es\/wp-content\/uploads\/2025\/12\/delacuesta.webp"},{"@type":"BreadcrumbList","@id":"https:\/\/delacuesta.es\/en\/our-company\/#breadcrumb","itemListElement":[{"@type":"ListItem","position":1,"name":"Portada","item":"https:\/\/delacuesta.es\/en\/"},{"@type":"ListItem","position":2,"name":"Our Company"}]},{"@type":"WebSite","@id":"https:\/\/delacuesta.es\/en\/#website","url":"https:\/\/delacuesta.es\/en\/","name":"Inmobiliaria Cuesta","description":"\u00a0Mas de 50 a\u00f1os ayudando a compradores y vendedores a encontrar la propiedad perfecta en La Herradura, Almu\u00f1ecar y alrededores. Hablamos tu idioma y te acompa\u00f1amos en cada paso del proceso.","publisher":{"@id":"https:\/\/delacuesta.es\/en\/#organization"},"potentialAction":[{"@type":"SearchAction","target":{"@type":"EntryPoint","urlTemplate":"https:\/\/delacuesta.es\/en\/?s={search_term_string}"},"query-input":{"@type":"PropertyValueSpecification","valueRequired":true,"valueName":"search_term_string"}}],"inLanguage":"en-US"},{"@type":"Organization","@id":"https:\/\/delacuesta.es\/en\/#organization","name":"Inmobiliaria Cuesta","url":"https:\/\/delacuesta.es\/en\/","logo":{"@type":"ImageObject","inLanguage":"en-US","@id":"https:\/\/delacuesta.es\/en\/#\/schema\/logo\/image\/","url":"https:\/\/delacuesta.es\/wp-content\/uploads\/2025\/12\/logo-inmobiliaria-cuesta.webp","contentUrl":"https:\/\/delacuesta.es\/wp-content\/uploads\/2025\/12\/logo-inmobiliaria-cuesta.webp","width":263,"height":72,"caption":"Inmobiliaria Cuesta"},"image":{"@id":"https:\/\/delacuesta.es\/en\/#\/schema\/logo\/image\/"}}]}},"_links":{"self":[{"href":"https:\/\/delacuesta.es\/en\/wp-json\/wp\/v2\/pages\/8804","targetHints":{"allow":["GET"]}}],"collection":[{"href":"https:\/\/delacuesta.es\/en\/wp-json\/wp\/v2\/pages"}],"about":[{"href":"https:\/\/delacuesta.es\/en\/wp-json\/wp\/v2\/types\/page"}],"author":[{"embeddable":true,"href":"https:\/\/delacuesta.es\/en\/wp-json\/wp\/v2\/users\/1"}],"replies":[{"embeddable":true,"href":"https:\/\/delacuesta.es\/en\/wp-json\/wp\/v2\/comments?post=8804"}],"version-history":[{"count":8,"href":"https:\/\/delacuesta.es\/en\/wp-json\/wp\/v2\/pages\/8804\/revisions"}],"predecessor-version":[{"id":9129,"href":"https:\/\/delacuesta.es\/en\/wp-json\/wp\/v2\/pages\/8804\/revisions\/9129"}],"wp:attachment":[{"href":"https:\/\/delacuesta.es\/en\/wp-json\/wp\/v2\/media?parent=8804"}],"curies":[{"name":"wp","href":"https:\/\/api.w.org\/{rel}","templated":true}]}}